{"id":1742,"date":"2022-11-16T13:24:50","date_gmt":"2022-11-16T13:24:50","guid":{"rendered":"https:\/\/escorxadorsabadell.com\/avisos-legales-y-privacidad\/"},"modified":"2023-02-20T10:27:18","modified_gmt":"2023-02-20T10:27:18","slug":"avisos-legales-y-privacidad","status":"publish","type":"page","link":"https:\/\/escorxadorsabadell.com\/es\/avisos-legales-y-privacidad\/","title":{"rendered":"Avisos Legales y Privacidad"},"content":{"rendered":"<div class=\"fusion-fullwidth fullwidth-box fusion-builder-row-1 fusion-flex-container nonhundred-percent-fullwidth non-hundred-percent-height-scrolling\" style=\"--awb-border-radius-top-left:0px;--awb-border-radius-top-right:0px;--awb-border-radius-bottom-right:0px;--awb-border-radius-bottom-left:0px;--awb-flex-wrap:wrap;\" ><div class=\"fusion-builder-row fusion-row fusion-flex-align-items-flex-start fusion-flex-content-wrap\" style=\"max-width:1248px;margin-left: calc(-4% \/ 2 );margin-right: calc(-4% \/ 2 );\"><div class=\"fusion-layout-column fusion_builder_column fusion-builder-column-0 fusion_builder_column_1_1 1_1 fusion-flex-column\" style=\"--awb-bg-size:cover;--awb-width-large:100%;--awb-margin-top-large:0px;--awb-spacing-right-large:1.92%;--awb-margin-bottom-large:0px;--awb-spacing-left-large:1.92%;--awb-width-medium:100%;--awb-spacing-right-medium:1.92%;--awb-spacing-left-medium:1.92%;--awb-width-small:100%;--awb-spacing-right-small:1.92%;--awb-spacing-left-small:1.92%;\"><div class=\"fusion-column-wrapper fusion-flex-justify-content-flex-start fusion-content-layout-column\"><div class=\"fusion-text fusion-text-1\"><h2 class=\"aviso-legal\">1.-INFORMACI\u00d3N GENERAL<\/h2>\n<p>La presente web es la de la MATADERO SABADELL, SA (en adelante MATADERO SABADELL), compa\u00f1\u00eda que se dedica al sacrificio, producci\u00f3n y comercializaci\u00f3n de productos c\u00e1rnicos, entre las marcas o nombres comerciales que utiliza se encuentra el de Puigb\u00f3. El NIF de la compa\u00f1\u00eda es el n\u00famero A58012022.<br \/>\nUsted puede contactar con la MATADERO SABADELL de la siguiente manera:<\/p>\n<p><strong>Correo Ordinario:<\/strong><\/p>\n<ul>\n<li>Cuesta y diez,113<\/li>\n<li>Pol\u00edgono industrial Sudoeste<\/li>\n<li>08205 Sabadell<\/li>\n<li>Espa\u00f1a<\/li>\n<\/ul>\n<p><strong>Correo electr\u00f3nico:<\/strong> recepcio@mataderosabadell.com<\/p>\n<p><strong>Tel\u00e9fono:<\/strong> (+34) 937 106 550<\/p>\n<h2 class=\"aviso-legal\">2.- CONDICIONES DE ACCESO<\/h2>\n<p>El usuario de la web, mediante su acceso y navegaci\u00f3n por la misma, se obliga a utilizarla de conformidad con la legislaci\u00f3n vigente en cada momento, de las condiciones de navegaci\u00f3n establecidas en la misma, a las condiciones establecidas en el mismo presente Aviso Legal, as\u00ed como de acuerdo con la moral, las buenas costumbres generalmente aceptadas y el orden p\u00fablico. El usuario responder\u00e1 ante la MATADERO SABADELL y\/o terceros, de cualquier da\u00f1o y perjuicio que pudiera causarse como consecuencia del incumplimiento de esta obligaci\u00f3n.<\/p>\n<p>El acceso y navegaci\u00f3n por la presente web implica aceptar y conocer las advertencias legales que aqu\u00ed se recogen. El simple acceso no implica el establecimiento de ning\u00fan tipo de relaci\u00f3n entre la MATADERO SABADELL y el usuario.<\/p>\n<p>En el presente aviso legal se podr\u00e1 realizar, en cualquier momento, las modificaciones que la MATADERO SABADELL considere necesarias, con independencia de su finalidad, siempre y cuando respete la normativa aplicable.<\/p>\n<p>La MATADERO SABADELL podr\u00e1 prohibir el acceso a la presente web a cualquier usuario que realice conductas il\u00edcitas.<br \/>\nEl usuario de la presente web deber\u00e1 abstenerse, en todo caso, de suprimir, alterar, eludir o manipular cualquier dispositivo de protecci\u00f3n o sistema de seguridad que pueda estar instalado en la misma.<\/p>\n<h2 class=\"aviso-legal\">3.- PROPIEDAD INTELECTUAL E INDUSTRIAL<\/h2>\n<p>Todos los contenidos presentes en la web, entendiendo \u00e9stos a t\u00edtulo enunciativo y no limitado, los textos, im\u00e1genes, fotograf\u00edas, sonidos, archivos, logotipos, c\u00f3digos fuente, combinaciones de colores, o cualquier otro elemento, as\u00ed como la estructura y dise\u00f1o, la selecci\u00f3n y forma de presentaci\u00f3n de los materiales incluidos en la misma web y los programas de ordenador necesarios para su funcionamiento, acceso y utilizaci\u00f3n se encuentran sujetos a los derechos de propiedad intelectual e industrial que pertenecen a la MATADERO SABADELL oa terceros. En este sentido, se establece que el usuario podr\u00e1 utilizarlos \u00fanicamente por su uso personal y privado y se compromete a no utilizarlos con fines comerciales ni a su explotaci\u00f3n, distribuci\u00f3n, reproducci\u00f3n, comunicaci\u00f3n p\u00fablica, utilizaci\u00f3n t\u00e9cnica de ingenier\u00eda inversa, o modificarlos, alterarlos sin la correspondiente autorizaci\u00f3n previa por escrito del titular, exceptuando los casos en que legalmente est\u00e9 permitido.<\/p>\n<p>Todas las publicaciones, marcas, nombres comerciales o signos distintivos de cualquier clase que aparecen en la presente web son propiedad de LA MATADERO SABADELL o de terceros, sin que pueda entenderse que el uso o acceso a la web atribuya al usuario ning\u00fan derecho sobre las citadas publicaciones, marcas, nombres comerciales y\/o signos distintivos ni sobre ninguno de los contenidos que figuran en ellos.<\/p>\n<h2 class=\"aviso-legal\">4.- POL\u00cdTICA PRIVACIDAD DE LOS DATOS PERSONALES<\/h2>\n<p>Por el presente, en el supuesto de la inclusi\u00f3n de sus datos de car\u00e1cter personal en el \u201cFORMULARIO DE CONTACTO\u201d ofrecido en la Web de ESCOJADOR SABADELL a efectos de dar cumplimiento a los principios de transparencia e informaci\u00f3n previstos en el Reglamento Europeo de Protecci\u00f3n de Datos, us informamos sobre las garant\u00edas que ofrece MATADERO SABADELL, en el tratamiento de los datos de car\u00e1cter personal. En este sentido, hemos realizado y mantenemos actualizado el correspondiente registro de tratamiento sobre los datos obtenidos en el presente portal, cuya finalidad es responder sobre las preguntas que se nos formulen y\/o informar puntualmente de nuestros productos. Todos los interesados pueden ejercitar los derechos de acceso, rectificaci\u00f3n, limitaci\u00f3n, oposici\u00f3n, portabilidad y supresi\u00f3n de los datos. Estos derechos deber\u00e1n ejercerlo el usuario mediante una solicitud dirigida al correo electr\u00f3nico: <strong>recepcio@mataderosabadell.com.<\/strong> En la solicitud tendr\u00e1n que figurar: el nombre completo del usuario, n\u00famero del Documento Nacional de Identidad o del Pasaporte y descripci\u00f3n del derecho ejercitado, se compromete MATADERO SABADELL a contestar en el plazo legal previsto, el ejercicio del derecho . ESCUCHADOR SABADELL adoptar\u00e1 las medidas de seguridad necesarias para evitar la alteraci\u00f3n, p\u00e9rdida, tratamiento o acceso no autorizados de las bases de datos en las que incluya los datos facilitados por los usuarios, asimismo se compromete a notificar dentro del plazo establecido de cualquier intromisi\u00f3n que afecta el tratamiento. En relaci\u00f3n con los datos obtenidos en el presente portal no ser\u00e1n cedidos a terceras empresas. En caso de que la compa\u00f1\u00eda designe un Delegado de Protecci\u00f3n de Datos ser\u00e1 indicado en este aviso de privacidad, en este sentido MATADERO SABADELL se reserva el derecho de modificar en un futuro esta pol\u00edtica de privacidad. Asimismo, en caso de querer obtener m\u00e1s informaci\u00f3n no dude en contactar con nosotros a trav\u00e9s del correo electr\u00f3nico: <strong>recepcio@escorxadorsabadell.com<\/strong> y ampliaremos la informaci\u00f3n que considere oportuno.<\/p>\n<h2 class=\"aviso-legal\">5.- LIMITACI\u00d3N DE RESPONSABILIDAD<\/h2>\n<p>El uso de la presente web se realiz\u00f3 por cuenta y riesgo del usuario. La MATADERO SABADELL no se responsabilizar\u00e1 del mal uso que el usuario pueda hacer de esta web.<\/p>\n<p>La MATADERO SABADELL no se responsabilizar\u00e1 de los errores y omisiones que pudiera contener la presente p\u00e1gina web ni tampoco ser\u00e1 ni podr\u00e1 considerarse responsable por cualquier da\u00f1o derivado del uso de la web ni por cualquier actuaci\u00f3n realizada en base a la informaci\u00f3n que all\u00ed se encuentre. aparece.<\/p>\n<p>El MATADERO SABADELL no garantiza la ausencia de virus u otros elementos lesivos que puedan ocasionar da\u00f1os o alteraciones t\u00e9cnicas en los sistemas inform\u00e1ticos, documentos electr\u00f3nicos o ficheros del usuario. En consecuencia, la MATADERO SABADELL no responde por los da\u00f1os y perjuicios que los referidos elementos puedan ocasionar al usuario oa terceros.<\/p>\n<h2 class=\"aviso-legal\">6.- RESOLUCI\u00d3N DE CONTROVERS\u00cdAS<\/h2>\n<p>Cualquier cuesti\u00f3n litigiosa o, en general, controversia que pueda suceder en relaci\u00f3n con el uso de esta web deber\u00e1 resolverse de conformidad a la legislaci\u00f3n Espa\u00f1ola por los Juzgados y Tribunales de Barcelona, a los que las partes se someten de forma expresa y renunciando al propio fuero que pueda corresponder, si no se soluciona de mutuo acuerdo.<\/p>\n<p><strong>1985 \u00a9 MATADERO SABADELL, SA<\/strong> Todos los derechos reservados.<\/p>\n<\/div><\/div><\/div><\/div><\/div>\n","protected":false},"excerpt":{"rendered":"","protected":false},"author":1,"featured_media":0,"parent":0,"menu_order":0,"comment_status":"closed","ping_status":"open","template":"","meta":{"footnotes":""},"class_list":["post-1742","page","type-page","status-publish","hentry"],"jetpack_sharing_enabled":true,"_links":{"self":[{"href":"https:\/\/escorxadorsabadell.com\/es\/wp-json\/wp\/v2\/pages\/1742","targetHints":{"allow":["GET"]}}],"collection":[{"href":"https:\/\/escorxadorsabadell.com\/es\/wp-json\/wp\/v2\/pages"}],"about":[{"href":"https:\/\/escorxadorsabadell.com\/es\/wp-json\/wp\/v2\/types\/page"}],"author":[{"embeddable":true,"href":"https:\/\/escorxadorsabadell.com\/es\/wp-json\/wp\/v2\/users\/1"}],"replies":[{"embeddable":true,"href":"https:\/\/escorxadorsabadell.com\/es\/wp-json\/wp\/v2\/comments?post=1742"}],"version-history":[{"count":2,"href":"https:\/\/escorxadorsabadell.com\/es\/wp-json\/wp\/v2\/pages\/1742\/revisions"}],"predecessor-version":[{"id":1749,"href":"https:\/\/escorxadorsabadell.com\/es\/wp-json\/wp\/v2\/pages\/1742\/revisions\/1749"}],"wp:attachment":[{"href":"https:\/\/escorxadorsabadell.com\/es\/wp-json\/wp\/v2\/media?parent=1742"}],"curies":[{"name":"wp","href":"https:\/\/api.w.org\/{rel}","templated":true}]}}