{"id":1779,"date":"2023-02-01T06:33:00","date_gmt":"2023-02-01T06:33:00","guid":{"rendered":"https:\/\/escorxadorsabadell.com\/politica-de-cookies\/"},"modified":"2023-02-20T10:28:47","modified_gmt":"2023-02-20T10:28:47","slug":"politica-de-cookies","status":"publish","type":"page","link":"https:\/\/escorxadorsabadell.com\/es\/politica-de-cookies\/","title":{"rendered":"Pol\u00edtica de Cookies"},"content":{"rendered":"<div class=\"fusion-fullwidth fullwidth-box fusion-builder-row-1 fusion-flex-container nonhundred-percent-fullwidth non-hundred-percent-height-scrolling\" style=\"--awb-border-radius-top-left:0px;--awb-border-radius-top-right:0px;--awb-border-radius-bottom-right:0px;--awb-border-radius-bottom-left:0px;--awb-flex-wrap:wrap;\" ><div class=\"fusion-builder-row fusion-row fusion-flex-align-items-flex-start fusion-flex-content-wrap\" style=\"max-width:1248px;margin-left: calc(-4% \/ 2 );margin-right: calc(-4% \/ 2 );\"><div class=\"fusion-layout-column fusion_builder_column fusion-builder-column-0 fusion_builder_column_1_1 1_1 fusion-flex-column\" style=\"--awb-bg-size:cover;--awb-width-large:100%;--awb-margin-top-large:0px;--awb-spacing-right-large:1.92%;--awb-margin-bottom-large:0px;--awb-spacing-left-large:1.92%;--awb-width-medium:100%;--awb-spacing-right-medium:1.92%;--awb-spacing-left-medium:1.92%;--awb-width-small:100%;--awb-spacing-right-small:1.92%;--awb-spacing-left-small:1.92%;\"><div class=\"fusion-column-wrapper fusion-flex-justify-content-flex-start fusion-content-layout-column\"><div class=\"fusion-text fusion-text-1\"><h2 class=\"aviso-legal\">\u00bfQu\u00e9 es una Cookie?<\/h2>\n<p>Cookie es un archivo que se descarga en su ordenador al acceder a determinadas p\u00e1ginas web. Las cookies permiten a una p\u00e1gina web, entre otras cosas, almacenar y recuperar informaci\u00f3n sobre los h\u00e1bitos de navegaci\u00f3n de un usuario o de su equipo y, dependiendo de la informaci\u00f3n que contengan y de la forma en que utilice su equipo, se pueden utilizar para reconocer al usuario. El navegador del usuario memoriza cookies en el disco duro s\u00f3lo durante la sesi\u00f3n actual ocupando un espacio de memoria m\u00ednimo y no perjudicando al ordenador. Las cookies no contienen ning\u00fan tipo de informaci\u00f3n personal espec\u00edfica, y la mayor\u00eda se borran del disco duro al finalizar la sesi\u00f3n de navegador (las llamadas cookies de sesi\u00f3n).<\/p>\n<p>La mayor\u00eda de los navegadores aceptan como est\u00e1ndar las cookies y, con independencia de las mismas, permiten o impiden en los ajustes de seguridad las cookies temporales o memorizadas.<\/p>\n<p>Sin su expreso consentimiento <strong>\u2013mediante la activaci\u00f3n de las cookies en su navegador\u2013<\/strong> EXCORXADOR SABADELL no enlazar\u00e1 a las cookies los datos memorizados con sus datos personales proporcionados en el momento del registro o la compra.<\/p>\n<h2 class=\"aviso-legal\">\u00bfQu\u00e9 tipos de cookies utiliza esta p\u00e1gina web?<\/h2>\n<h5>Cookies t\u00e9cnicas<\/h5>\n<p>Son aquellas que permiten al usuario la navegaci\u00f3n a trav\u00e9s de una p\u00e1gina web, plataforma o aplicaci\u00f3n y la utilizaci\u00f3n de las diferentes opciones o servicios existentes como, por ejemplo, controlar el tr\u00e1fico y la comunicaci\u00f3n de datos, identificar la sesi\u00f3n , acceder a partes de acceso restringido, recordar los elementos que integran un pedido, realizar el proceso de compra de un pedido, realizar la solicitud de inscripci\u00f3n o participaci\u00f3n en un evento, utilizar elementos de seguridad durante la navegaci\u00f3n, almacenar contenidos para la difusi\u00f3n de v\u00eddeos o sonido o compartir contenidos a trav\u00e9s de redes sociales.<\/p>\n<h5>Cookies de personalizaci\u00f3n<\/h5>\n<p>Son aquellas que permiten al usuario acceder al servicio con algunas caracter\u00edsticas de car\u00e1cter general predefinidas en funci\u00f3n de una serie de criterios en el terminal del usuario como ser\u00edan el idioma, el tipo de navegador a trav\u00e9s del cual accede al servicio , la configuraci\u00f3n regional desde donde accede al servicio, etc.<\/p>\n<h5>Cookies de an\u00e1lisis<\/h5>\n<p>Son aquellas que bien tratadas por nosotros o por terceros, nos permiten cuantificar el n\u00famero de usuarios y as\u00ed realizar la medici\u00f3n y el an\u00e1lisis estad\u00edstico de la utilizaci\u00f3n que hacen los usuarios del servicio ofrecido. Por eso se analiza su navegaci\u00f3n en nuestra p\u00e1gina web para mejorar la oferta de productos o servicios que le ofrecemos.<\/p>\n<h5>Cookies de publicitarias<\/h5>\n<p>Son aquellas que, bien tratadas por nosotros o por terceros, nos permiten gestionar de la forma m\u00e1s eficaz posible la oferta de los espacios publicitarios que existen en la p\u00e1gina web, adecuando el contenido del anuncio al contenido del servicio solicitado oa el uso que realiza de nuestra p\u00e1gina web. Por eso podemos analizar sus h\u00e1bitos de navegaci\u00f3n en Internet y podemos mostrar publicidad relacionada con su perfil de navegaci\u00f3n.<\/p>\n<h5>Cookies de publicitarias comportamental<\/h5>\n<p>Son aquellas que permiten la gesti\u00f3n, de la forma m\u00e1s eficaz posible, de los espacios publicitarios que, en su caso, el editor haya incluido en una p\u00e1gina web, aplicaci\u00f3n o plataforma desde la que presta el servicio solicitado. Estas cookies almacenan informaci\u00f3n del comportamiento de los usuarios obtenida a trav\u00e9s de la observaci\u00f3n continuada de sus h\u00e1bitos de navegaci\u00f3n, permitiendo desarrollar un perfil espec\u00edfico para mostrar publicidad en funci\u00f3n del mismo.<\/p>\n<h2 class=\"aviso-legal\">ESTA WEB UTILIZA COOKIES PROPIAS<\/h2>\n<table>\n<tbody>\n<tr>\n<td style=\"width: 20%;\"><strong>Tipo de cookies strong&gt;<\/strong><\/td>\n<td style=\"width: 70%;\"><strong>Finalidad<\/strong><\/td>\n<td style=\"width: 10%;\"><strong>Duraci\u00f3n<\/strong><\/td>\n<\/tr>\n<tr>\n<td style=\"padding: 10px;\"><strong>wordpress_<\/strong><\/td>\n<td style=\"padding: 10px;\">Recordatorio de sesi\u00f3n<\/td>\n<td style=\"padding: 10px;\">Sesi\u00f3n<\/td>\n<\/tr>\n<tr>\n<td style=\"padding: 10px;\"><strong>wordpress_logged_in_<\/strong><\/td>\n<td style=\"padding: 10px;\">Mantener a los usuarios en la sesi\u00f3n<\/td>\n<td style=\"padding: 10px;\">Sesi\u00f3n<\/td>\n<\/tr>\n<tr>\n<td style=\"padding: 10px;\"><strong>wordpress_test_cookie<\/strong><\/td>\n<td style=\"padding: 10px;\">Se usa para que el CMS compruebe si est\u00e1n activadas<\/td>\n<td style=\"padding: 10px;\">Sesi\u00f3n<\/td>\n<\/tr>\n<tr>\n<td style=\"padding: 10px;\"><strong>tk_ai<\/strong><\/td>\n<td style=\"padding: 10px;\">JetPack. Se usa como ID an\u00f3nimo<\/td>\n<td style=\"padding: 10px;\">Sesi\u00f3n<\/td>\n<\/tr>\n<tr>\n<td style=\"padding: 10px;\"><strong>wp-settings-[UID]<\/strong><\/td>\n<td style=\"padding: 10px;\">Se utiliza para personalizar la interfaz de usuario<\/td>\n<td style=\"padding: 10px;\">Sesi\u00f3n<\/td>\n<\/tr>\n<tr>\n<td style=\"padding: 10px;\"><strong>wp-settings-time-[UID]<\/strong><\/td>\n<td style=\"padding: 10px;\">Almacena el aspecto de la interfaz de administraci\u00f3n y del sitio principal<\/td>\n<td style=\"padding: 10px;\">Sesi\u00f3n<\/td>\n<\/tr>\n<\/tbody>\n<\/table>\n<h2 class=\"aviso-legal\">COOKIES DE TERCEROS<\/h2>\n<table>\n<tbody>\n<tr>\n<td style=\"width: 10%;\"><strong>Tipo Cookie<\/strong><\/td>\n<td style=\"width: 10%;\"><strong>Empresa<\/strong><\/td>\n<td style=\"width: 68%;\"><strong>Finalidad<\/strong><\/td>\n<td style=\"width: 12%;\"><strong>Duraci\u00f3n<\/strong><\/td>\n<\/tr>\n<tr>\n<td style=\"padding: 10px;\" valign=\"top\"><strong>_utma<br \/>\n_utmb<br \/>\n_utmc<br \/>\n_utmz<\/strong><\/td>\n<td style=\"padding: 10px;\" valign=\"top\"><strong>Google<\/strong><\/td>\n<td style=\"padding: 10px;\" valign=\"top\">Estas cookies son generadas por Google Analytics. Google almacena la informaci\u00f3n recogida por las cookies en servidores ubicados en Estados Unidos, cumpliendo con la legislaci\u00f3n Europea en cuanto a protecci\u00f3n de datos personales y se compromete a no compartirla con terceros, excepto cuando la ley le obligue o sea necesario para su funcionamiento del sistema. Google no asocia su direcci\u00f3n IP con ninguna otra informaci\u00f3n que tenga. Si desea obtener m\u00e1s informaci\u00f3n sobre las cookies utilizadas por Google Analytics.<\/td>\n<td style=\"padding: 10px;\" valign=\"top\">m\u00e1x. 2 a\u00f1os<br \/>\nm\u00e1x. 1 a\u00f1o<\/td>\n<\/tr>\n<\/tbody>\n<\/table>\n<h2 class=\"aviso-legal\">GESTIONAR COOKIES<\/h2>\n<p><strong>Puede permitir, bloquear o eliminar las cookies instaladas en su equipo mediante la configuraci\u00f3n de las opciones del navegador instalado en su ordenador.<\/strong> Si no sabe qu\u00e9 tipo y versi\u00f3n de navegador utiliza para acceder a internet: Para Windows: clic en &#8216;Ayuda&#8217; en la parte superior de la ventana de su navegador y seleccione la opci\u00f3n &#8216;Sobre&#8217;. Para Mac: con la venta del navegador abierta, pulse en el men\u00fa de Apple y seleccione la opci\u00f3n &#8216;Sobre&#8230;&#8217;.<\/p>\n<h2 class=\"aviso-legal\">\u00bfC\u00d3MO GESTIONAR LAS COOKIES?<\/h2>\n<p><strong>El Usuario acepta expresamente, por la utilizaci\u00f3n de este Site, el tratamiento de la informaci\u00f3n recogida en la forma y con las finalidades anteriormente citadas.<\/strong> Y tambi\u00e9n reconoce conocer la posibilidad de rechazar el tratamiento de estos datos o informaci\u00f3n rechazando el uso de Cookies mediante la selecci\u00f3n de la configuraci\u00f3n apropiada a tal fin en su navegador. Si bien esta opci\u00f3n de bloqueo de Cookies en su navegador puede no permitir el uso pleno de todas las funcionalidades del Website.<\/p>\n<p>En cada navegador la forma de hacerlo es diferente, la funci\u00f3n de \u00abAyuda\u00bb le mostrar\u00e1 c\u00f3mo hacerlo:<\/p>\n<ul style=\"margin-left: 30px;\" type=\"disc\">\n<li><strong>Chrome<\/strong> en <a title=\"Chrome\" href=\"https:\/\/support.google.com\/chrome\/answer\/95647?hl=ca\" target=\"_blank\" rel=\"noopener\">https:\/\/support.google.com\/chrome\/answer\/95647?hl=es<\/a><\/li>\n<li><strong>Explorer<\/strong> en <a title=\"Ms Edge\" href=\"https:\/\/support.microsoft.com\/es-es\/windows\/eliminar-y-administrar-cookies-168dab11-0753%20-043d-7c16-ede5947fc64d\" target=\"_blank\" rel=\"noopener\">https:\/\/support.microsoft.com\/es-ca\/products\/windows?os=windows-10<\/a><\/li>\n<li><strong>FireFox<\/strong> en <a title=\"FireFox\" href=\"https:\/\/support.mozilla.org\/ca\/kb\/habilitar-y-deshabilitar-cookies-sitios-web-rastrear-%20prefer%C3%A8ncies?redirectlocale=ca\" target=\"_blank\" rel=\"noopener\">https:\/\/support.mozilla.org\/es\/kb\/habilitar-y-deshabilitar-cookies-sitios-web-rastrear-preferencias?redirectlocale=es<\/a> <\/li>\n<li><strong>Safari<\/strong> en <a title=\"Safari\" href=\"https:\/\/support.apple.com\/es-es\/guide\/safari\/sfri11471\/mac\" target=\"_blank\" rel=\"noopener\">https:\/\/support.apple.com\/es-gui\/guide\/safari\/sfri11471\/mac<\/a><\/li>\n<\/ul>\n<p>Si tiene dudas sobre esta pol\u00edtica de cookies, puede contactar con EXCORCHADOR SABADELL en <strong>recepcio[a]excorxadorsabadell(punt)com<\/strong><\/p>\n<p><strong>1985 \u00a9 MATADERO SABADELL, SA<\/strong> Todos los derechos reservados.<\/p>\n<\/div><\/div><\/div><\/div><\/div>\n","protected":false},"excerpt":{"rendered":"","protected":false},"author":1,"featured_media":0,"parent":0,"menu_order":0,"comment_status":"closed","ping_status":"open","template":"","meta":{"footnotes":""},"class_list":["post-1779","page","type-page","status-publish","hentry"],"jetpack_sharing_enabled":true,"_links":{"self":[{"href":"https:\/\/escorxadorsabadell.com\/es\/wp-json\/wp\/v2\/pages\/1779","targetHints":{"allow":["GET"]}}],"collection":[{"href":"https:\/\/escorxadorsabadell.com\/es\/wp-json\/wp\/v2\/pages"}],"about":[{"href":"https:\/\/escorxadorsabadell.com\/es\/wp-json\/wp\/v2\/types\/page"}],"author":[{"embeddable":true,"href":"https:\/\/escorxadorsabadell.com\/es\/wp-json\/wp\/v2\/users\/1"}],"replies":[{"embeddable":true,"href":"https:\/\/escorxadorsabadell.com\/es\/wp-json\/wp\/v2\/comments?post=1779"}],"version-history":[{"count":11,"href":"https:\/\/escorxadorsabadell.com\/es\/wp-json\/wp\/v2\/pages\/1779\/revisions"}],"predecessor-version":[{"id":1870,"href":"https:\/\/escorxadorsabadell.com\/es\/wp-json\/wp\/v2\/pages\/1779\/revisions\/1870"}],"wp:attachment":[{"href":"https:\/\/escorxadorsabadell.com\/es\/wp-json\/wp\/v2\/media?parent=1779"}],"curies":[{"name":"wp","href":"https:\/\/api.w.org\/{rel}","templated":true}]}}